{"id":1153,"date":"2024-05-19T22:56:59","date_gmt":"2024-05-19T21:56:59","guid":{"rendered":"https:\/\/www.elisabeth.hu\/?page_id=1153"},"modified":"2025-07-25T16:27:33","modified_gmt":"2025-07-25T14:27:33","slug":"oekumene","status":"publish","type":"page","link":"https:\/\/www.elisabeth.hu\/index.php\/oekumene\/","title":{"rendered":"\u00d6kumene"},"content":{"rendered":"\n<p>sind die Bem\u00fchungen um und das Streben nach Einheit der getrennten Christenheit. Einheit war eines der wichtigsten Anliegen Jesu. Er wollte, da\u00df &#8222;alle eins&#8220; (<a href=\"https:\/\/www.bibleserver.com\/EU\/Johannes17%2C21\" target=\"_blank\" rel=\"noreferrer noopener\">Joh 17,21<\/a>) sind. &#8222;Ein Herr, ein Glaube, eine Taufe&#8220;, fordert Paulus in <a href=\"https:\/\/www.bibleserver.com\/EU\/Epheser4%2C5\" target=\"_blank\" rel=\"noreferrer noopener\">Eph 4,5<\/a>.<\/p>\n\n\n\n<p>Spaltungen sind wie Wunden am Leib Christi, sie tun weh und eitern. Sie schw\u00e4chen den Glauben und die Glaubw\u00fcrdigkeit der Christen.<\/p>\n\n\n\n<p>Wir heute k\u00f6nnen nichts f\u00fcr die Kirchenspaltungen. Dennoch d\u00fcrfen wir die Trennung nicht einfach in desinteressierter Gleichg\u00fcltigkeit hinnehmen. Christen, die Jesus folgen, wissen, da\u00df sie &#8211; durch die Taufe verbunden &#8211; Br\u00fcder und Schwestern sind.<\/p>\n\n\n\n<p>Damit der Skandal (das \u00c4rgernis) der Trennung aus der Welt kommt, braucht es Bekehrung aller Beteiligten, aber auch das Kennen der eigenen Glaubens\u00fcberzeugungen. Gro\u00dfer Segen liegt auf dem gemeinsamen Beten zum einen Herrn und im gemeinsamen sozialen Dienst an den Menschen und so Schritte auf die Einheit hin zu machen.<\/p>\n\n\n\n<p>Hier in Budapest ist unsere wichtigste Schwestergemeinde die <a href=\"https:\/\/kirche.lutheran.hu\/\" target=\"_blank\" rel=\"noreferrer noopener\">deutschsprachige evangelische Gemeinde<\/a>, mit der wir regelm\u00e4\u00dfig und einmalig Gemeinsames unternehmen: Friedensgebet, Weltgebetswoche f\u00fcr die Einheit der Christen, St. Martins-Feier, Andacht und Krippenspiel am Heiligen Abend, Schulgottesdienste an der Deutschen Schule Budapest&#8230;<\/p>\n\n\n\n<figure class=\"wp-block-embed is-type-video is-provider-youtube wp-block-embed-youtube wp-embed-aspect-16-9 wp-has-aspect-ratio\"><div class=\"wp-block-embed__wrapper\">\n<iframe loading=\"lazy\" title=\"Was bedeutet \u00d6kumene?\" width=\"780\" height=\"439\" src=\"https:\/\/www.youtube.com\/embed\/ySxO4jczST8?feature=oembed\" frameborder=\"0\" allow=\"accelerometer; autoplay; clipboard-write; encrypted-media; gyroscope; picture-in-picture; web-share\" referrerpolicy=\"strict-origin-when-cross-origin\" allowfullscreen><\/iframe>\n<\/div><figcaption class=\"wp-element-caption\">\u201e<a href=\"https:\/\/youtube.com\/playlist?list=PLarPhgGhSYjD21k0FdIEbMHNwbmazdj4d&amp;feature=shared\" target=\"_blank\" rel=\"noreferrer noopener\">Katholisch f\u00fcr Anf\u00e4nger<\/a>\u201c erkl\u00e4rt mit einfachen und humorvollen Kurzvideos Begriffe aus Kirche und Christentum.<\/figcaption><\/figure>\n","protected":false},"excerpt":{"rendered":"<p>sind die Bem\u00fchungen um und das Streben nach Einheit der getrennten Christenheit. Einheit war eines der wichtigsten Anliegen Jesu. Er wollte, da\u00df &#8222;alle eins&#8220; (Joh 17,21) sind. &#8222;Ein Herr, ein [&hellip;]<\/p>\n","protected":false},"author":1,"featured_media":0,"parent":0,"menu_order":0,"comment_status":"closed","ping_status":"closed","template":"","meta":{"footnotes":""},"class_list":["post-1153","page","type-page","status-publish","hentry"],"_links":{"self":[{"href":"https:\/\/www.elisabeth.hu\/index.php\/wp-json\/wp\/v2\/pages\/1153","targetHints":{"allow":["GET"]}}],"collection":[{"href":"https:\/\/www.elisabeth.hu\/index.php\/wp-json\/wp\/v2\/pages"}],"about":[{"href":"https:\/\/www.elisabeth.hu\/index.php\/wp-json\/wp\/v2\/types\/page"}],"author":[{"embeddable":true,"href":"https:\/\/www.elisabeth.hu\/index.php\/wp-json\/wp\/v2\/users\/1"}],"replies":[{"embeddable":true,"href":"https:\/\/www.elisabeth.hu\/index.php\/wp-json\/wp\/v2\/comments?post=1153"}],"version-history":[{"count":17,"href":"https:\/\/www.elisabeth.hu\/index.php\/wp-json\/wp\/v2\/pages\/1153\/revisions"}],"predecessor-version":[{"id":2082,"href":"https:\/\/www.elisabeth.hu\/index.php\/wp-json\/wp\/v2\/pages\/1153\/revisions\/2082"}],"wp:attachment":[{"href":"https:\/\/www.elisabeth.hu\/index.php\/wp-json\/wp\/v2\/media?parent=1153"}],"curies":[{"name":"wp","href":"https:\/\/api.w.org\/{rel}","templated":true}]}}