{"id":2,"date":"2023-06-27T15:58:17","date_gmt":"2023-06-27T15:58:17","guid":{"rendered":"https:\/\/www.elisabeth.hu\/?page_id=2"},"modified":"2025-01-04T09:40:27","modified_gmt":"2025-01-04T08:40:27","slug":"sample-page","status":"publish","type":"page","link":"https:\/\/www.elisabeth.hu\/index.php\/sample-page\/","title":{"rendered":"Spenden"},"content":{"rendered":"\n<p><strong>Vergelt \u2018s Gott<\/strong> f\u00fcr Ihre Unterst\u00fctzung &#8211; vor allem den Familien und Personen, die uns regelm\u00e4\u00dfig monatlich oder viertelj\u00e4hrlich unterst\u00fctzen: Auslandsgemeinde ist ein<strong> Dauerauftrag!<\/strong><\/p>\n\n\n\n<ul class=\"wp-block-list\">\n<li>in Ungarn in Forint an \u201eN\u00e9met Lelk\u00e9szs\u00e9g\u201c bei UniCredit Bank Hungary, BACXHUHB: HU88 1091 8001 0000 0105 2230 0007<\/li>\n\n\n\n<li>in Euro an \u201eKatholisches Auslandssekretariat\u201c bei Commerzbank, DRESDEFF370: DE72 3708 0040 0211 4021 00.<em> Hier unbedingt \u201eBudapest\u201c im Verwendungszweck (mit-) angeben!<\/em> In Deutschland Steuerpflichtige erhalten auf Anforderung eine Spendenbescheinigung (&#8222;Best\u00e4tigung \u00fcber Geldzuwendung&#8220;): <a href=\"https:\/\/www.auslandsseelsorge.de\/wir-ueber-uns\" target=\"_blank\" rel=\"noreferrer noopener\">https:\/\/www.auslandsseelsorge.de\/wir-ueber-uns<\/a> (ganz nach unten bl\u00e4ttern!)<\/li>\n<\/ul>\n\n\n\n<p>Wir danken auch f\u00fcr Bargeldspenden und best\u00e4tigen sie auf Wunsch schriftlich.<\/p>\n\n\n\n<p>Bei den Kollekten in den Gottesdiensten bedenken Sie bitte:<strong> Eine HUF 500,&#8211;Banknote entspricht nur wenig mehr als einem Euro!<\/strong> Von der Kirche vor Ort erhalten wir keinerlei Finanzmittel. Umgekehrt sammeln auch wir f\u00fcr die ungarische Caritas, die ungarischen p\u00e4pstlichen Missionswerke und die katholischen Schulen in Ungarn.<\/p>\n\n\n\n<p>Von November bis M\u00e4rz unterst\u00fctzen wir bed\u00fcrftige Angeh\u00f6rige unserer Gemeinde monatlich mit der Aktion<strong> &#8222;Heizen und Kochen&#8220;.<\/strong> \u00dcbernehmen Sie doch die<strong> Patenschaft<\/strong> f\u00fcr eine Person, indem Sie uns von November bis M\u00e4rz monatlich HUF 15.000,&#8211; \u00fcberweisen und im Zahlungsgrund &#8222;Heizen und Kochen&#8220; angeben &#8211; oder uns die Betr\u00e4ge bar \u00fcbergeben.<\/p>\n\n\n\n<p>Die Widmung von 1 % der ungarischen Einkommenssteuer an uns ist leider nicht m\u00f6glich.<\/p>\n","protected":false},"excerpt":{"rendered":"<p>Vergelt \u2018s Gott f\u00fcr Ihre Unterst\u00fctzung &#8211; vor allem den Familien und Personen, die uns regelm\u00e4\u00dfig monatlich oder viertelj\u00e4hrlich unterst\u00fctzen: Auslandsgemeinde ist ein Dauerauftrag! Wir danken auch f\u00fcr Bargeldspenden und [&hellip;]<\/p>\n","protected":false},"author":1,"featured_media":0,"parent":0,"menu_order":0,"comment_status":"closed","ping_status":"open","template":"","meta":{"footnotes":""},"class_list":["post-2","page","type-page","status-publish","hentry"],"_links":{"self":[{"href":"https:\/\/www.elisabeth.hu\/index.php\/wp-json\/wp\/v2\/pages\/2","targetHints":{"allow":["GET"]}}],"collection":[{"href":"https:\/\/www.elisabeth.hu\/index.php\/wp-json\/wp\/v2\/pages"}],"about":[{"href":"https:\/\/www.elisabeth.hu\/index.php\/wp-json\/wp\/v2\/types\/page"}],"author":[{"embeddable":true,"href":"https:\/\/www.elisabeth.hu\/index.php\/wp-json\/wp\/v2\/users\/1"}],"replies":[{"embeddable":true,"href":"https:\/\/www.elisabeth.hu\/index.php\/wp-json\/wp\/v2\/comments?post=2"}],"version-history":[{"count":20,"href":"https:\/\/www.elisabeth.hu\/index.php\/wp-json\/wp\/v2\/pages\/2\/revisions"}],"predecessor-version":[{"id":1732,"href":"https:\/\/www.elisabeth.hu\/index.php\/wp-json\/wp\/v2\/pages\/2\/revisions\/1732"}],"wp:attachment":[{"href":"https:\/\/www.elisabeth.hu\/index.php\/wp-json\/wp\/v2\/media?parent=2"}],"curies":[{"name":"wp","href":"https:\/\/api.w.org\/{rel}","templated":true}]}}