{"id":433,"date":"2023-12-14T12:27:05","date_gmt":"2023-12-14T11:27:05","guid":{"rendered":"https:\/\/www.elisabeth.hu\/?page_id=433"},"modified":"2024-12-31T13:40:48","modified_gmt":"2024-12-31T12:40:48","slug":"orgel","status":"publish","type":"page","link":"https:\/\/www.elisabeth.hu\/index.php\/orgel\/","title":{"rendered":"Orgel"},"content":{"rendered":"\n<h2 class=\"wp-block-heading\"><strong><mark style=\"background-color:#ffffff\" class=\"has-inline-color\">125 Jahre Rieger-Orgel in szt. Ferenc sebei<\/mark><\/strong><\/h2>\n\n\n\n<p class=\"has-medium-font-size\"><strong><a href=\"https:\/\/de.wikipedia.org\/wiki\/Rieger_Orgelbau#Otto_und_Gustav_Rieger\" target=\"_blank\" rel=\"noreferrer noopener\">Rieger Testv\u00e9rek<\/a> <a href=\"https:\/\/de.wikipedia.org\/wiki\/K.u.k._Hoflieferant\" target=\"_blank\" rel=\"noreferrer noopener\">cs. \u00e9s k. udvari<\/a> &#8211; orgona gy\u00e1r <a href=\"https:\/\/de.wikipedia.org\/wiki\/Krnov\" target=\"_blank\" rel=\"noreferrer noopener\">J\u00e4gerndorf<\/a> \u00e9s <a href=\"https:\/\/upload.wikimedia.org\/wikipedia\/de\/f\/fa\/Wiener_Zeitung_8-8-1903_V_Rieger.png\" target=\"_blank\" rel=\"noreferrer noopener\">Budapest<\/a><\/strong> <strong>Opus 720 (1899)<\/strong><\/p>\n\n\n\n<p><strong>Orgeldisposition<\/strong> auf &#8222;Seite 128&#8220; (Seite 130 im pdf in ungarischer Sprache) <a href=\"https:\/\/tar.liturgia.hu\/Kantorkepzo\/Orgona\/Orgonaismeret_jegyzet.pdf\">https:\/\/tar.liturgia.hu\/Kantorkepzo\/Orgona\/Orgonaismeret_jegyzet.pdf<\/a><\/p>\n\n\n\n<p><\/p>\n\n\n\n<p><strong>YouTube-Kanal<\/strong> (&#8222;This is the channel of the historic Gebr\u00fcder Rieger organ, built in the Church of the Stigmata of St. Francis in Budapest, 1899, as opus 720, and kept unchanged ever since&#8220;) mit<strong> <a href=\"https:\/\/www.youtube.com\/playlist?list=PLxfU8orpybgnyR0NI7x3PMAM_M9H0GCuo\" target=\"_blank\" rel=\"noreferrer noopener\">Playlist<\/a><\/strong> vieler aktueller und historischer Aufnahmen: <a href=\"https:\/\/www.youtube.com\/@Riegeropus720\/playlists\" target=\"_blank\" rel=\"noreferrer noopener\">https:\/\/www.youtube.com\/@Riegeropus720\/playlists<\/a><\/p>\n\n\n\n<p>Weitere, dort nicht enthaltene Aufnahmen:<\/p>\n\n\n\n<figure class=\"wp-block-embed is-type-video is-provider-youtube wp-block-embed-youtube wp-embed-aspect-16-9 wp-has-aspect-ratio\"><div class=\"wp-block-embed__wrapper\">\n<iframe loading=\"lazy\" title=\"Organ improvisation in &quot;Bach-triosonate&quot; style - Barnab\u00e1s Balasi\" width=\"780\" height=\"439\" src=\"https:\/\/www.youtube.com\/embed\/Bbc0Q-RPbkE?feature=oembed\" frameborder=\"0\" allow=\"accelerometer; autoplay; clipboard-write; encrypted-media; gyroscope; picture-in-picture; web-share\" referrerpolicy=\"strict-origin-when-cross-origin\" allowfullscreen><\/iframe>\n<\/div><figcaption class=\"wp-element-caption\">Konzertausschnitt 6. April 2024 <a href=\"https:\/\/sites.google.com\/view\/barnabasbalasi\/home\" target=\"_blank\" rel=\"noreferrer noopener\">Barnab\u00e1s Balasi<\/a><\/figcaption><\/figure>\n\n\n\n<figure class=\"wp-block-embed is-type-video is-provider-youtube wp-block-embed-youtube wp-embed-aspect-16-9 wp-has-aspect-ratio\"><div class=\"wp-block-embed__wrapper\">\n<iframe loading=\"lazy\" title=\"Az improviz\u00e1ci\u00f3 m\u0171v\u00e9szete - Balasi Barnab\u00e1s orgonaestje (2024.04.06. 18.00)\" width=\"780\" height=\"439\" src=\"https:\/\/www.youtube.com\/embed\/TOB_HrW68fI?feature=oembed\" frameborder=\"0\" allow=\"accelerometer; autoplay; clipboard-write; encrypted-media; gyroscope; picture-in-picture; web-share\" referrerpolicy=\"strict-origin-when-cross-origin\" allowfullscreen><\/iframe>\n<\/div><figcaption class=\"wp-element-caption\">Konzertvorschau 6. April 2024 <a href=\"https:\/\/sites.google.com\/view\/barnabasbalasi\/home\" target=\"_blank\" rel=\"noreferrer noopener\">Barnab\u00e1s Balasi<\/a><\/figcaption><\/figure>\n\n\n\n<figure class=\"wp-block-embed is-type-video is-provider-youtube wp-block-embed-youtube wp-embed-aspect-16-9 wp-has-aspect-ratio\"><div class=\"wp-block-embed__wrapper\">\n<iframe loading=\"lazy\" title=\"J. S. Bach: Fugue in D Minor &quot;Dorian&quot; (BWV 538 - II.) Rita K\u00e1ly-Kullai\" width=\"780\" height=\"439\" src=\"https:\/\/www.youtube.com\/embed\/gMBOVXnQl2o?feature=oembed\" frameborder=\"0\" allow=\"accelerometer; autoplay; clipboard-write; encrypted-media; gyroscope; picture-in-picture; web-share\" referrerpolicy=\"strict-origin-when-cross-origin\" allowfullscreen><\/iframe>\n<\/div><figcaption class=\"wp-element-caption\">Konzertausschnitt 23. M\u00e4rz 2024 <a href=\"https:\/\/kaly-kullairita.hu\/\" target=\"_blank\" rel=\"noreferrer noopener\">Rita K\u00e1ly-Kullai<\/a><\/figcaption><\/figure>\n\n\n\n<figure class=\"wp-block-embed is-type-video is-provider-youtube wp-block-embed-youtube wp-embed-aspect-16-9 wp-has-aspect-ratio\"><div class=\"wp-block-embed__wrapper\">\n<iframe loading=\"lazy\" title=\"J. S. Bach: Toccata in D Minor &quot;Dorian&quot; (BWV 538 - I.)  Rita K\u00e1ly-Kullai\" width=\"780\" height=\"439\" src=\"https:\/\/www.youtube.com\/embed\/2Ifxujx4WYI?feature=oembed\" frameborder=\"0\" allow=\"accelerometer; autoplay; clipboard-write; encrypted-media; gyroscope; picture-in-picture; web-share\" referrerpolicy=\"strict-origin-when-cross-origin\" allowfullscreen><\/iframe>\n<\/div><figcaption class=\"wp-element-caption\">Konzertausschnitt 23. M\u00e4rz 2024 <a href=\"https:\/\/kaly-kullairita.hu\/\" target=\"_blank\" rel=\"noreferrer noopener\">Rita K\u00e1ly-Kullai<\/a><\/figcaption><\/figure>\n\n\n\n<figure class=\"wp-block-embed is-type-video is-provider-youtube wp-block-embed-youtube wp-embed-aspect-16-9 wp-has-aspect-ratio\"><div class=\"wp-block-embed__wrapper\">\n<iframe loading=\"lazy\" title=\"EZERARC\u00da ORGONA - Koncertsorozat a Szent Ferenc Sebei templomban\" width=\"780\" height=\"439\" src=\"https:\/\/www.youtube.com\/embed\/a2nPKG4x9Gc?feature=oembed\" frameborder=\"0\" allow=\"accelerometer; autoplay; clipboard-write; encrypted-media; gyroscope; picture-in-picture; web-share\" referrerpolicy=\"strict-origin-when-cross-origin\" allowfullscreen><\/iframe>\n<\/div><figcaption class=\"wp-element-caption\">Konzertvorschau 23. M\u00e4rz 2024: &#8222;Hommage an Bach&#8220; unserer beiden Organisten  \u00c1d\u00e1m K\u00e9csk\u00e9s und <a href=\"https:\/\/kaly-kullairita.hu\/\" target=\"_blank\" rel=\"noreferrer noopener\">Rita K\u00e1ly-Kullai<\/a><\/figcaption><\/figure>\n\n\n\n<figure class=\"wp-block-embed is-type-video is-provider-youtube wp-block-embed-youtube wp-embed-aspect-16-9 wp-has-aspect-ratio\"><div class=\"wp-block-embed__wrapper\">\n<iframe loading=\"lazy\" title=\"EZERARC\u00da ORGONA - K\u00e1ly-Kullai Rita \u00e9s Kecsk\u00e9s \u00c1d\u00e1m hangversenye (2023. november 19. vas\u00e1rnap 18.00)\" width=\"780\" height=\"439\" src=\"https:\/\/www.youtube.com\/embed\/T_OERrEhFAw?feature=oembed\" frameborder=\"0\" allow=\"accelerometer; autoplay; clipboard-write; encrypted-media; gyroscope; picture-in-picture; web-share\" referrerpolicy=\"strict-origin-when-cross-origin\" allowfullscreen><\/iframe>\n<\/div><figcaption class=\"wp-element-caption\">Unsere beiden Organisten \u00c1d\u00e1m K\u00e9csk\u00e9s und <a href=\"https:\/\/kaly-kullairita.hu\/\" target=\"_blank\" rel=\"noreferrer noopener\">Rita K\u00e1ly-Kullai<\/a><\/figcaption><\/figure>\n\n\n\n<figure class=\"wp-block-embed is-type-video is-provider-youtube wp-block-embed-youtube wp-embed-aspect-16-9 wp-has-aspect-ratio\"><div class=\"wp-block-embed__wrapper\">\n<iframe loading=\"lazy\" title=\"Felix Mendelssohn Bartholdy: Organ Sonata no. 4 in Bb major - Rita K\u00e1ly-Kullai\" width=\"780\" height=\"439\" src=\"https:\/\/www.youtube.com\/embed\/6vuLQdRJ5NY?feature=oembed\" frameborder=\"0\" allow=\"accelerometer; autoplay; clipboard-write; encrypted-media; gyroscope; picture-in-picture; web-share\" referrerpolicy=\"strict-origin-when-cross-origin\" allowfullscreen><\/iframe>\n<\/div><figcaption class=\"wp-element-caption\">Konzertausschnitt <a href=\"https:\/\/kaly-kullairita.hu\/\" target=\"_blank\" rel=\"noreferrer noopener\">Rita K\u00e1ly-Kullai<\/a> 24. November 2023<\/figcaption><\/figure>\n\n\n\n<figure class=\"wp-block-embed is-type-video is-provider-youtube wp-block-embed-youtube wp-embed-aspect-16-9 wp-has-aspect-ratio\"><div class=\"wp-block-embed__wrapper\">\n<iframe loading=\"lazy\" title=\"Koloss Istv\u00e1n: H\u00fasv\u00e9ti Fant\u00e1zia\" width=\"780\" height=\"439\" src=\"https:\/\/www.youtube.com\/embed\/TW65BFPC49Y?feature=oembed\" frameborder=\"0\" allow=\"accelerometer; autoplay; clipboard-write; encrypted-media; gyroscope; picture-in-picture; web-share\" referrerpolicy=\"strict-origin-when-cross-origin\" allowfullscreen><\/iframe>\n<\/div><figcaption class=\"wp-element-caption\">30. November 2019<\/figcaption><\/figure>\n\n\n\n<figure class=\"wp-block-embed is-type-video is-provider-youtube wp-block-embed-youtube wp-embed-aspect-16-9 wp-has-aspect-ratio\"><div class=\"wp-block-embed__wrapper\">\n<iframe loading=\"lazy\" title=\"Mendelssohn:Organ Sonata in c-minor Op.65. No.2 transforms Ligeti &quot;HARMONIES&quot; study no.1\" width=\"780\" height=\"439\" src=\"https:\/\/www.youtube.com\/embed\/CTb3uLGDQZw?feature=oembed\" frameborder=\"0\" allow=\"accelerometer; autoplay; clipboard-write; encrypted-media; gyroscope; picture-in-picture; web-share\" referrerpolicy=\"strict-origin-when-cross-origin\" allowfullscreen><\/iframe>\n<\/div><figcaption class=\"wp-element-caption\">30. April 2018<\/figcaption><\/figure>\n\n\n\n<figure class=\"wp-block-embed is-type-video is-provider-youtube wp-block-embed-youtube wp-embed-aspect-4-3 wp-has-aspect-ratio\"><div class=\"wp-block-embed__wrapper\">\n<iframe loading=\"lazy\" title=\"J.S. Bach: C-dur praeludium et fuga BWV 545\" width=\"780\" height=\"585\" src=\"https:\/\/www.youtube.com\/embed\/5Kh9XXlpKfc?feature=oembed\" frameborder=\"0\" allow=\"accelerometer; autoplay; clipboard-write; encrypted-media; gyroscope; picture-in-picture; web-share\" referrerpolicy=\"strict-origin-when-cross-origin\" allowfullscreen><\/iframe>\n<\/div><figcaption class=\"wp-element-caption\">Johann Sebastian Bach Pr\u00e4ludium und Fuge in C-Dur BWV 545<\/figcaption><\/figure>\n\n\n\n<figure class=\"wp-block-embed is-type-video is-provider-youtube wp-block-embed-youtube wp-embed-aspect-4-3 wp-has-aspect-ratio\"><div class=\"wp-block-embed__wrapper\">\n<iframe loading=\"lazy\" title=\"HERITAGEDAYS-RIEGER ORGAN FROM BUDAPEST\" width=\"780\" height=\"585\" src=\"https:\/\/www.youtube.com\/embed\/BlRqCWESnGI?feature=oembed\" frameborder=\"0\" allow=\"accelerometer; autoplay; clipboard-write; encrypted-media; gyroscope; picture-in-picture; web-share\" referrerpolicy=\"strict-origin-when-cross-origin\" allowfullscreen><\/iframe>\n<\/div><figcaption class=\"wp-element-caption\">Improvisation <a href=\"https:\/\/sites.google.com\/view\/barnabasbalasi\/home\" target=\"_blank\" rel=\"noreferrer noopener\">Barnab\u00e1s Balasi<\/a> 18. Oktober 2010<\/figcaption><\/figure>\n\n\n\n<p><\/p>\n","protected":false},"excerpt":{"rendered":"<p>125 Jahre Rieger-Orgel in szt. Ferenc sebei Rieger Testv\u00e9rek cs. \u00e9s k. udvari &#8211; orgona gy\u00e1r J\u00e4gerndorf \u00e9s Budapest Opus 720 (1899) Orgeldisposition auf &#8222;Seite 128&#8220; (Seite 130 im pdf [&hellip;]<\/p>\n","protected":false},"author":1,"featured_media":628,"parent":0,"menu_order":0,"comment_status":"closed","ping_status":"closed","template":"","meta":{"footnotes":""},"class_list":["post-433","page","type-page","status-publish","has-post-thumbnail","hentry"],"_links":{"self":[{"href":"https:\/\/www.elisabeth.hu\/index.php\/wp-json\/wp\/v2\/pages\/433","targetHints":{"allow":["GET"]}}],"collection":[{"href":"https:\/\/www.elisabeth.hu\/index.php\/wp-json\/wp\/v2\/pages"}],"about":[{"href":"https:\/\/www.elisabeth.hu\/index.php\/wp-json\/wp\/v2\/types\/page"}],"author":[{"embeddable":true,"href":"https:\/\/www.elisabeth.hu\/index.php\/wp-json\/wp\/v2\/users\/1"}],"replies":[{"embeddable":true,"href":"https:\/\/www.elisabeth.hu\/index.php\/wp-json\/wp\/v2\/comments?post=433"}],"version-history":[{"count":69,"href":"https:\/\/www.elisabeth.hu\/index.php\/wp-json\/wp\/v2\/pages\/433\/revisions"}],"predecessor-version":[{"id":1718,"href":"https:\/\/www.elisabeth.hu\/index.php\/wp-json\/wp\/v2\/pages\/433\/revisions\/1718"}],"wp:featuredmedia":[{"embeddable":true,"href":"https:\/\/www.elisabeth.hu\/index.php\/wp-json\/wp\/v2\/media\/628"}],"wp:attachment":[{"href":"https:\/\/www.elisabeth.hu\/index.php\/wp-json\/wp\/v2\/media?parent=433"}],"curies":[{"name":"wp","href":"https:\/\/api.w.org\/{rel}","templated":true}]}}